{"id":998,"date":"2020-04-21T20:13:41","date_gmt":"2020-04-21T20:13:41","guid":{"rendered":"https:\/\/bornready.org\/acerca-de\/"},"modified":"2020-05-08T16:43:05","modified_gmt":"2020-05-08T16:43:05","slug":"acerca-de","status":"publish","type":"page","link":"https:\/\/bornready.org\/es\/acerca-de\/","title":{"rendered":"Acerca de"},"content":{"rendered":"&#13;\r\n<p>Born Ready es una iniciativa del <a href=\"https:\/\/children.alabama.gov\/\" target=\"_blank\" rel=\"noreferrer noopener\" aria-label=\" (opens in a new tab)\">Departamento de Educaci\u00f3n Infantil temprana de Alabama<\/a> (ADECE) enfocada en sensibilizar a los padres de Alabama sobre la importancia del desarrollo temprano del cerebro y la atenci\u00f3n temprana y la educaci\u00f3n de alta calidad. La misi\u00f3n de ADECE es inspirar, apoyar y ofrecer sistemas cohesivos e integrales de educaci\u00f3n y atenci\u00f3n de alta calidad para que todos los ni\u00f1os de Alabama prosperen y aprendan. Born Ready no s\u00f3lo est\u00e1 desarrollado para informar a los padres, sino que est\u00e1 desarrollado para empoderarlos y darles acceso a las herramientas que necesitan para ser el primer y mejor maestro de sus hijos.<\/p>&#13;\r\n","protected":false},"excerpt":{"rendered":"<p>&#13; Born Ready es una iniciativa del Departamento de Educaci\u00f3n Infantil temprana de Alabama (ADECE) enfocada en sensibilizar a los padres de Alabama sobre la importancia del desarrollo temprano del cerebro y la atenci\u00f3n temprana y la educaci\u00f3n de alta calidad. La misi\u00f3n de ADECE es inspirar, apoyar y ofrecer sistemas cohesivos e integrales de [&hellip;]<\/p>\n","protected":false},"author":12,"featured_media":0,"parent":0,"menu_order":0,"comment_status":"closed","ping_status":"closed","template":"page-templates\/about.php","meta":{"footnotes":""},"class_list":["post-998","page","type-page","status-publish","hentry"],"yoast_head":"<!-- This site is optimized with the Yoast SEO plugin v27.3 - https:\/\/yoast.com\/product\/yoast-seo-wordpress\/ -->\n<title>Born Ready - Acerca de<\/title>\n<meta name=\"robots\" content=\"index, follow, max-snippet:-1, max-image-preview:large, max-video-preview:-1\" \/>\n<link rel=\"canonical\" href=\"https:\/\/bornready.org\/es\/acerca-de\/\" \/>\n<meta property=\"og:locale\" content=\"es_ES\" \/>\n<meta property=\"og:type\" content=\"article\" \/>\n<meta property=\"og:title\" content=\"Born Ready - Acerca de\" \/>\n<meta property=\"og:description\" content=\"&#013; Born Ready es una iniciativa del Departamento de Educaci\u00f3n Infantil temprana de Alabama (ADECE) enfocada en sensibilizar a los padres de Alabama sobre la importancia del desarrollo temprano del cerebro y la atenci\u00f3n temprana y la educaci\u00f3n de alta calidad. La misi\u00f3n de ADECE es inspirar, apoyar y ofrecer sistemas cohesivos e integrales de [&hellip;]\" \/>\n<meta property=\"og:url\" content=\"https:\/\/bornready.org\/es\/acerca-de\/\" \/>\n<meta property=\"og:site_name\" content=\"Born Ready\" \/>\n<meta property=\"article:publisher\" content=\"https:\/\/facebook.com\/bornreadymovement\/\" \/>\n<meta property=\"article:modified_time\" content=\"2020-05-08T16:43:05+00:00\" \/>\n<meta property=\"og:image\" content=\"https:\/\/bornready.org\/wp-content\/uploads\/2020\/05\/About.jpg\" \/>\n\t<meta property=\"og:image:width\" content=\"1200\" \/>\n\t<meta property=\"og:image:height\" content=\"630\" \/>\n\t<meta property=\"og:image:type\" content=\"image\/jpeg\" \/>\n<meta name=\"twitter:card\" content=\"summary_large_image\" \/>\n<meta name=\"twitter:label1\" content=\"Est. reading time\" \/>\n\t<meta name=\"twitter:data1\" content=\"1 minute\" \/>\n<script type=\"application\/ld+json\" class=\"yoast-schema-graph\">{\"@context\":\"https:\\\/\\\/schema.org\",\"@graph\":[{\"@type\":\"WebPage\",\"@id\":\"https:\\\/\\\/bornready.org\\\/es\\\/acerca-de\\\/\",\"url\":\"https:\\\/\\\/bornready.org\\\/es\\\/acerca-de\\\/\",\"name\":\"Born Ready - Acerca de\",\"isPartOf\":{\"@id\":\"https:\\\/\\\/bornready.org\\\/es\\\/#website\"},\"datePublished\":\"2020-04-21T20:13:41+00:00\",\"dateModified\":\"2020-05-08T16:43:05+00:00\",\"breadcrumb\":{\"@id\":\"https:\\\/\\\/bornready.org\\\/es\\\/acerca-de\\\/#breadcrumb\"},\"inLanguage\":\"es-ES\",\"potentialAction\":[{\"@type\":\"ReadAction\",\"target\":[\"https:\\\/\\\/bornready.org\\\/es\\\/acerca-de\\\/\"]}]},{\"@type\":\"BreadcrumbList\",\"@id\":\"https:\\\/\\\/bornready.org\\\/es\\\/acerca-de\\\/#breadcrumb\",\"itemListElement\":[{\"@type\":\"ListItem\",\"position\":1,\"name\":\"Home\",\"item\":\"https:\\\/\\\/bornready.org\\\/es\\\/\"},{\"@type\":\"ListItem\",\"position\":2,\"name\":\"Acerca de\"}]},{\"@type\":\"WebSite\",\"@id\":\"https:\\\/\\\/bornready.org\\\/es\\\/#website\",\"url\":\"https:\\\/\\\/bornready.org\\\/es\\\/\",\"name\":\"Born Ready\",\"description\":\"Listo para Ayudar a Padres e Hijos a Aprender\",\"potentialAction\":[{\"@type\":\"SearchAction\",\"target\":{\"@type\":\"EntryPoint\",\"urlTemplate\":\"https:\\\/\\\/bornready.org\\\/es\\\/?s={search_term_string}\"},\"query-input\":{\"@type\":\"PropertyValueSpecification\",\"valueRequired\":true,\"valueName\":\"search_term_string\"}}],\"inLanguage\":\"es-ES\"}]}<\/script>\n<!-- \/ Yoast SEO plugin. -->","yoast_head_json":{"title":"Born Ready - Acerca de","robots":{"index":"index","follow":"follow","max-snippet":"max-snippet:-1","max-image-preview":"max-image-preview:large","max-video-preview":"max-video-preview:-1"},"canonical":"https:\/\/bornready.org\/es\/acerca-de\/","og_locale":"es_ES","og_type":"article","og_title":"Born Ready - Acerca de","og_description":"&#13; Born Ready es una iniciativa del Departamento de Educaci\u00f3n Infantil temprana de Alabama (ADECE) enfocada en sensibilizar a los padres de Alabama sobre la importancia del desarrollo temprano del cerebro y la atenci\u00f3n temprana y la educaci\u00f3n de alta calidad. La misi\u00f3n de ADECE es inspirar, apoyar y ofrecer sistemas cohesivos e integrales de [&hellip;]","og_url":"https:\/\/bornready.org\/es\/acerca-de\/","og_site_name":"Born Ready","article_publisher":"https:\/\/facebook.com\/bornreadymovement\/","article_modified_time":"2020-05-08T16:43:05+00:00","og_image":[{"width":1200,"height":630,"url":"https:\/\/bornready.org\/wp-content\/uploads\/2020\/05\/About.jpg","type":"image\/jpeg"}],"twitter_card":"summary_large_image","twitter_misc":{"Est. reading time":"1 minute"},"schema":{"@context":"https:\/\/schema.org","@graph":[{"@type":"WebPage","@id":"https:\/\/bornready.org\/es\/acerca-de\/","url":"https:\/\/bornready.org\/es\/acerca-de\/","name":"Born Ready - Acerca de","isPartOf":{"@id":"https:\/\/bornready.org\/es\/#website"},"datePublished":"2020-04-21T20:13:41+00:00","dateModified":"2020-05-08T16:43:05+00:00","breadcrumb":{"@id":"https:\/\/bornready.org\/es\/acerca-de\/#breadcrumb"},"inLanguage":"es-ES","potentialAction":[{"@type":"ReadAction","target":["https:\/\/bornready.org\/es\/acerca-de\/"]}]},{"@type":"BreadcrumbList","@id":"https:\/\/bornready.org\/es\/acerca-de\/#breadcrumb","itemListElement":[{"@type":"ListItem","position":1,"name":"Home","item":"https:\/\/bornready.org\/es\/"},{"@type":"ListItem","position":2,"name":"Acerca de"}]},{"@type":"WebSite","@id":"https:\/\/bornready.org\/es\/#website","url":"https:\/\/bornready.org\/es\/","name":"Born Ready","description":"Listo para Ayudar a Padres e Hijos a Aprender","potentialAction":[{"@type":"SearchAction","target":{"@type":"EntryPoint","urlTemplate":"https:\/\/bornready.org\/es\/?s={search_term_string}"},"query-input":{"@type":"PropertyValueSpecification","valueRequired":true,"valueName":"search_term_string"}}],"inLanguage":"es-ES"}]}},"_links":{"self":[{"href":"https:\/\/bornready.org\/es\/wp-json\/wp\/v2\/pages\/998","targetHints":{"allow":["GET"]}}],"collection":[{"href":"https:\/\/bornready.org\/es\/wp-json\/wp\/v2\/pages"}],"about":[{"href":"https:\/\/bornready.org\/es\/wp-json\/wp\/v2\/types\/page"}],"author":[{"embeddable":true,"href":"https:\/\/bornready.org\/es\/wp-json\/wp\/v2\/users\/12"}],"replies":[{"embeddable":true,"href":"https:\/\/bornready.org\/es\/wp-json\/wp\/v2\/comments?post=998"}],"version-history":[{"count":14,"href":"https:\/\/bornready.org\/es\/wp-json\/wp\/v2\/pages\/998\/revisions"}],"predecessor-version":[{"id":1664,"href":"https:\/\/bornready.org\/es\/wp-json\/wp\/v2\/pages\/998\/revisions\/1664"}],"wp:attachment":[{"href":"https:\/\/bornready.org\/es\/wp-json\/wp\/v2\/media?parent=998"}],"curies":[{"name":"wp","href":"https:\/\/api.w.org\/{rel}","templated":true}]}}