{"id":1034,"date":"2020-04-21T21:18:31","date_gmt":"2020-04-21T21:18:31","guid":{"rendered":"https:\/\/bornready.org\/covid-19-recursos\/"},"modified":"2020-05-06T02:37:51","modified_gmt":"2020-05-06T02:37:51","slug":"covid-19-recursos","status":"publish","type":"page","link":"https:\/\/bornready.org\/es\/covid-19-recursos\/","title":{"rendered":"COVID-19 Recursos"},"content":{"rendered":"\r\n<h1>Impulse el aprendizaje de su hijo con consejos gratuitos, r\u00e1pidos y divertidos de Vroom.<\/h1>\r\n&#13;\r\n<p>Este momento \u00fanico de distanciamiento social global puede ser una oportunidad para la cercan\u00eda en el hogar. Perfecto para la hora del ba\u00f1o, la hora de acostarse, o en cualquier momento &#8211; en la comodidad de su propia casa!<\/p>&#13;\r\n\r\n<div class=\"btn-container\"><button class=\"btn\">Prueba un consejo<\/button><\/div>\r\n","protected":false},"excerpt":{"rendered":"<p>Impulse el aprendizaje de su hijo con consejos gratuitos, r\u00e1pidos y divertidos de Vroom. &#13; Este momento \u00fanico de distanciamiento social global puede ser una oportunidad para la cercan\u00eda en el hogar. Perfecto para la hora del ba\u00f1o, la hora de acostarse, o en cualquier momento &#8211; en la comodidad de su propia casa! &#13; [&hellip;]<\/p>\n","protected":false},"author":12,"featured_media":0,"parent":0,"menu_order":0,"comment_status":"closed","ping_status":"closed","template":"page-templates\/covid-resources.php","meta":{"footnotes":""},"class_list":["post-1034","page","type-page","status-publish","hentry"],"yoast_head":"<!-- This site is optimized with the Yoast SEO plugin v27.3 - https:\/\/yoast.com\/product\/yoast-seo-wordpress\/ -->\n<title>Born Ready - COVID-19 Recursos para padres y cuidadores<\/title>\n<meta name=\"description\" content=\"Born Ready est\u00e1 aqu\u00ed para padres y cuidadores con cerebro aumentando los recursos que puedes hacer en tu propia casa.\" \/>\n<meta name=\"robots\" content=\"index, follow, max-snippet:-1, max-image-preview:large, max-video-preview:-1\" \/>\n<link rel=\"canonical\" href=\"https:\/\/bornready.org\/es\/covid-19-recursos\/\" \/>\n<meta property=\"og:locale\" content=\"es_ES\" \/>\n<meta property=\"og:type\" content=\"article\" \/>\n<meta property=\"og:title\" content=\"Born Ready - COVID-19 Recursos para padres y cuidadores\" \/>\n<meta property=\"og:description\" content=\"Born Ready est\u00e1 aqu\u00ed para padres y cuidadores con cerebro aumentando los recursos que puedes hacer en tu propia casa.\" \/>\n<meta property=\"og:url\" content=\"https:\/\/bornready.org\/es\/covid-19-recursos\/\" \/>\n<meta property=\"og:site_name\" content=\"Born Ready\" \/>\n<meta property=\"article:publisher\" content=\"https:\/\/facebook.com\/bornreadymovement\/\" \/>\n<meta property=\"article:modified_time\" content=\"2020-05-06T02:37:51+00:00\" \/>\n<meta property=\"og:image\" content=\"https:\/\/bornready.org\/wp-content\/uploads\/2020\/05\/COVID-19-Resources.jpg\" \/>\n\t<meta property=\"og:image:width\" content=\"1200\" \/>\n\t<meta property=\"og:image:height\" content=\"630\" \/>\n\t<meta property=\"og:image:type\" content=\"image\/jpeg\" \/>\n<meta name=\"twitter:card\" content=\"summary_large_image\" \/>\n<script type=\"application\/ld+json\" class=\"yoast-schema-graph\">{\"@context\":\"https:\\\/\\\/schema.org\",\"@graph\":[{\"@type\":\"WebPage\",\"@id\":\"https:\\\/\\\/bornready.org\\\/es\\\/covid-19-recursos\\\/\",\"url\":\"https:\\\/\\\/bornready.org\\\/es\\\/covid-19-recursos\\\/\",\"name\":\"Born Ready - COVID-19 Recursos para padres y cuidadores\",\"isPartOf\":{\"@id\":\"https:\\\/\\\/bornready.org\\\/es\\\/#website\"},\"datePublished\":\"2020-04-21T21:18:31+00:00\",\"dateModified\":\"2020-05-06T02:37:51+00:00\",\"description\":\"Born Ready est\u00e1 aqu\u00ed para padres y cuidadores con cerebro aumentando los recursos que puedes hacer en tu propia casa.\",\"breadcrumb\":{\"@id\":\"https:\\\/\\\/bornready.org\\\/es\\\/covid-19-recursos\\\/#breadcrumb\"},\"inLanguage\":\"es-ES\",\"potentialAction\":[{\"@type\":\"ReadAction\",\"target\":[\"https:\\\/\\\/bornready.org\\\/es\\\/covid-19-recursos\\\/\"]}]},{\"@type\":\"BreadcrumbList\",\"@id\":\"https:\\\/\\\/bornready.org\\\/es\\\/covid-19-recursos\\\/#breadcrumb\",\"itemListElement\":[{\"@type\":\"ListItem\",\"position\":1,\"name\":\"Home\",\"item\":\"https:\\\/\\\/bornready.org\\\/es\\\/\"},{\"@type\":\"ListItem\",\"position\":2,\"name\":\"COVID-19 Recursos\"}]},{\"@type\":\"WebSite\",\"@id\":\"https:\\\/\\\/bornready.org\\\/es\\\/#website\",\"url\":\"https:\\\/\\\/bornready.org\\\/es\\\/\",\"name\":\"Born Ready\",\"description\":\"Listo para Ayudar a Padres e Hijos a Aprender\",\"potentialAction\":[{\"@type\":\"SearchAction\",\"target\":{\"@type\":\"EntryPoint\",\"urlTemplate\":\"https:\\\/\\\/bornready.org\\\/es\\\/?s={search_term_string}\"},\"query-input\":{\"@type\":\"PropertyValueSpecification\",\"valueRequired\":true,\"valueName\":\"search_term_string\"}}],\"inLanguage\":\"es-ES\"}]}<\/script>\n<!-- \/ Yoast SEO plugin. -->","yoast_head_json":{"title":"Born Ready - COVID-19 Recursos para padres y cuidadores","description":"Born Ready est\u00e1 aqu\u00ed para padres y cuidadores con cerebro aumentando los recursos que puedes hacer en tu propia casa.","robots":{"index":"index","follow":"follow","max-snippet":"max-snippet:-1","max-image-preview":"max-image-preview:large","max-video-preview":"max-video-preview:-1"},"canonical":"https:\/\/bornready.org\/es\/covid-19-recursos\/","og_locale":"es_ES","og_type":"article","og_title":"Born Ready - COVID-19 Recursos para padres y cuidadores","og_description":"Born Ready est\u00e1 aqu\u00ed para padres y cuidadores con cerebro aumentando los recursos que puedes hacer en tu propia casa.","og_url":"https:\/\/bornready.org\/es\/covid-19-recursos\/","og_site_name":"Born Ready","article_publisher":"https:\/\/facebook.com\/bornreadymovement\/","article_modified_time":"2020-05-06T02:37:51+00:00","og_image":[{"width":1200,"height":630,"url":"https:\/\/bornready.org\/wp-content\/uploads\/2020\/05\/COVID-19-Resources.jpg","type":"image\/jpeg"}],"twitter_card":"summary_large_image","schema":{"@context":"https:\/\/schema.org","@graph":[{"@type":"WebPage","@id":"https:\/\/bornready.org\/es\/covid-19-recursos\/","url":"https:\/\/bornready.org\/es\/covid-19-recursos\/","name":"Born Ready - COVID-19 Recursos para padres y cuidadores","isPartOf":{"@id":"https:\/\/bornready.org\/es\/#website"},"datePublished":"2020-04-21T21:18:31+00:00","dateModified":"2020-05-06T02:37:51+00:00","description":"Born Ready est\u00e1 aqu\u00ed para padres y cuidadores con cerebro aumentando los recursos que puedes hacer en tu propia casa.","breadcrumb":{"@id":"https:\/\/bornready.org\/es\/covid-19-recursos\/#breadcrumb"},"inLanguage":"es-ES","potentialAction":[{"@type":"ReadAction","target":["https:\/\/bornready.org\/es\/covid-19-recursos\/"]}]},{"@type":"BreadcrumbList","@id":"https:\/\/bornready.org\/es\/covid-19-recursos\/#breadcrumb","itemListElement":[{"@type":"ListItem","position":1,"name":"Home","item":"https:\/\/bornready.org\/es\/"},{"@type":"ListItem","position":2,"name":"COVID-19 Recursos"}]},{"@type":"WebSite","@id":"https:\/\/bornready.org\/es\/#website","url":"https:\/\/bornready.org\/es\/","name":"Born Ready","description":"Listo para Ayudar a Padres e Hijos a Aprender","potentialAction":[{"@type":"SearchAction","target":{"@type":"EntryPoint","urlTemplate":"https:\/\/bornready.org\/es\/?s={search_term_string}"},"query-input":{"@type":"PropertyValueSpecification","valueRequired":true,"valueName":"search_term_string"}}],"inLanguage":"es-ES"}]}},"_links":{"self":[{"href":"https:\/\/bornready.org\/es\/wp-json\/wp\/v2\/pages\/1034","targetHints":{"allow":["GET"]}}],"collection":[{"href":"https:\/\/bornready.org\/es\/wp-json\/wp\/v2\/pages"}],"about":[{"href":"https:\/\/bornready.org\/es\/wp-json\/wp\/v2\/types\/page"}],"author":[{"embeddable":true,"href":"https:\/\/bornready.org\/es\/wp-json\/wp\/v2\/users\/12"}],"replies":[{"embeddable":true,"href":"https:\/\/bornready.org\/es\/wp-json\/wp\/v2\/comments?post=1034"}],"version-history":[{"count":24,"href":"https:\/\/bornready.org\/es\/wp-json\/wp\/v2\/pages\/1034\/revisions"}],"predecessor-version":[{"id":1649,"href":"https:\/\/bornready.org\/es\/wp-json\/wp\/v2\/pages\/1034\/revisions\/1649"}],"wp:attachment":[{"href":"https:\/\/bornready.org\/es\/wp-json\/wp\/v2\/media?parent=1034"}],"curies":[{"name":"wp","href":"https:\/\/api.w.org\/{rel}","templated":true}]}}